{"id":535451,"date":"2021-09-14T07:52:15","date_gmt":"2021-09-14T05:52:15","guid":{"rendered":"https:\/\/www.elektro-pecaver.si\/livingsmart\/?page_id=535451"},"modified":"2021-09-15T11:57:27","modified_gmt":"2021-09-15T09:57:27","slug":"pametni-dom","status":"publish","type":"page","link":"https:\/\/www.elektro-pecaver.si\/livingsmart\/pametni-dom\/","title":{"rendered":"PAMETNI DOM"},"content":{"rendered":"","protected":false},"excerpt":{"rendered":"","protected":false},"author":6,"featured_media":0,"parent":0,"menu_order":0,"comment_status":"closed","ping_status":"closed","template":"","meta":{"inline_featured_image":false,"footnotes":""},"class_list":["post-535451","page","type-page","status-publish","hentry"],"acf":[],"yoast_head":"<!-- This site is optimized with the Yoast SEO plugin v24.9 - https:\/\/yoast.com\/wordpress\/plugins\/seo\/ -->\n<title>PAMETNI DOM - livingSMART by Elektro Pe\u010daver<\/title>\n<meta name=\"description\" content=\"Dobra elektro in\u0161talacija hi\u0161e je osnova za pametni dom. Pametni domovi vklju\u010dujejo pametno stikalo, pametno razsvetljavo, pametno klju\u010davnico in drugo.\" \/>\n<meta name=\"robots\" content=\"index, follow, max-snippet:-1, max-image-preview:large, max-video-preview:-1\" \/>\n<link rel=\"canonical\" href=\"https:\/\/www.elektro-pecaver.si\/livingsmart\/pametni-dom\/\" \/>\n<meta property=\"og:locale\" content=\"sl_SI\" \/>\n<meta property=\"og:type\" content=\"article\" \/>\n<meta property=\"og:title\" content=\"PAMETNI DOM - livingSMART by Elektro Pe\u010daver\" \/>\n<meta property=\"og:description\" content=\"Dobra elektro in\u0161talacija hi\u0161e je osnova za pametni dom. Pametni domovi vklju\u010dujejo pametno stikalo, pametno razsvetljavo, pametno klju\u010davnico in drugo.\" \/>\n<meta property=\"og:url\" content=\"https:\/\/www.elektro-pecaver.si\/livingsmart\/pametni-dom\/\" \/>\n<meta property=\"og:site_name\" content=\"livingSMART by Elektro Pe\u010daver\" \/>\n<meta property=\"article:modified_time\" content=\"2021-09-15T09:57:27+00:00\" \/>\n<meta name=\"twitter:card\" content=\"summary_large_image\" \/>\n<script type=\"application\/ld+json\" class=\"yoast-schema-graph\">{\"@context\":\"https:\/\/schema.org\",\"@graph\":[{\"@type\":\"WebPage\",\"@id\":\"https:\/\/www.elektro-pecaver.si\/livingsmart\/pametni-dom\/\",\"url\":\"https:\/\/www.elektro-pecaver.si\/livingsmart\/pametni-dom\/\",\"name\":\"PAMETNI DOM - livingSMART by Elektro Pe\u010daver\",\"isPartOf\":{\"@id\":\"https:\/\/www.elektro-pecaver.si\/livingsmart\/#website\"},\"datePublished\":\"2021-09-14T05:52:15+00:00\",\"dateModified\":\"2021-09-15T09:57:27+00:00\",\"description\":\"Dobra elektro in\u0161talacija hi\u0161e je osnova za pametni dom. Pametni domovi vklju\u010dujejo pametno stikalo, pametno razsvetljavo, pametno klju\u010davnico in drugo.\",\"breadcrumb\":{\"@id\":\"https:\/\/www.elektro-pecaver.si\/livingsmart\/pametni-dom\/#breadcrumb\"},\"inLanguage\":\"sl-SI\",\"potentialAction\":[{\"@type\":\"ReadAction\",\"target\":[\"https:\/\/www.elektro-pecaver.si\/livingsmart\/pametni-dom\/\"]}]},{\"@type\":\"BreadcrumbList\",\"@id\":\"https:\/\/www.elektro-pecaver.si\/livingsmart\/pametni-dom\/#breadcrumb\",\"itemListElement\":[{\"@type\":\"ListItem\",\"position\":1,\"name\":\"Home\",\"item\":\"https:\/\/www.elektro-pecaver.si\/livingsmart\/\"},{\"@type\":\"ListItem\",\"position\":2,\"name\":\"PAMETNI DOM\"}]},{\"@type\":\"WebSite\",\"@id\":\"https:\/\/www.elektro-pecaver.si\/livingsmart\/#website\",\"url\":\"https:\/\/www.elektro-pecaver.si\/livingsmart\/\",\"name\":\"livingSMART by Elektro Pe\u010daver\",\"description\":\"Oblikujemo pametne domove, ki omogo\u010dajo regulacijo sistemov kot so razsvetljava, sen\u010dila, ogrevanje in hlajenje, varnost in nadzor, upravljanje s pametnim telefonom ali tablico.\",\"potentialAction\":[{\"@type\":\"SearchAction\",\"target\":{\"@type\":\"EntryPoint\",\"urlTemplate\":\"https:\/\/www.elektro-pecaver.si\/livingsmart\/?s={search_term_string}\"},\"query-input\":{\"@type\":\"PropertyValueSpecification\",\"valueRequired\":true,\"valueName\":\"search_term_string\"}}],\"inLanguage\":\"sl-SI\"}]}<\/script>\n<!-- \/ Yoast SEO plugin. -->","yoast_head_json":{"title":"PAMETNI DOM - livingSMART by Elektro Pe\u010daver","description":"Dobra elektro in\u0161talacija hi\u0161e je osnova za pametni dom. Pametni domovi vklju\u010dujejo pametno stikalo, pametno razsvetljavo, pametno klju\u010davnico in drugo.","robots":{"index":"index","follow":"follow","max-snippet":"max-snippet:-1","max-image-preview":"max-image-preview:large","max-video-preview":"max-video-preview:-1"},"canonical":"https:\/\/www.elektro-pecaver.si\/livingsmart\/pametni-dom\/","og_locale":"sl_SI","og_type":"article","og_title":"PAMETNI DOM - livingSMART by Elektro Pe\u010daver","og_description":"Dobra elektro in\u0161talacija hi\u0161e je osnova za pametni dom. Pametni domovi vklju\u010dujejo pametno stikalo, pametno razsvetljavo, pametno klju\u010davnico in drugo.","og_url":"https:\/\/www.elektro-pecaver.si\/livingsmart\/pametni-dom\/","og_site_name":"livingSMART by Elektro Pe\u010daver","article_modified_time":"2021-09-15T09:57:27+00:00","twitter_card":"summary_large_image","schema":{"@context":"https:\/\/schema.org","@graph":[{"@type":"WebPage","@id":"https:\/\/www.elektro-pecaver.si\/livingsmart\/pametni-dom\/","url":"https:\/\/www.elektro-pecaver.si\/livingsmart\/pametni-dom\/","name":"PAMETNI DOM - livingSMART by Elektro Pe\u010daver","isPartOf":{"@id":"https:\/\/www.elektro-pecaver.si\/livingsmart\/#website"},"datePublished":"2021-09-14T05:52:15+00:00","dateModified":"2021-09-15T09:57:27+00:00","description":"Dobra elektro in\u0161talacija hi\u0161e je osnova za pametni dom. Pametni domovi vklju\u010dujejo pametno stikalo, pametno razsvetljavo, pametno klju\u010davnico in drugo.","breadcrumb":{"@id":"https:\/\/www.elektro-pecaver.si\/livingsmart\/pametni-dom\/#breadcrumb"},"inLanguage":"sl-SI","potentialAction":[{"@type":"ReadAction","target":["https:\/\/www.elektro-pecaver.si\/livingsmart\/pametni-dom\/"]}]},{"@type":"BreadcrumbList","@id":"https:\/\/www.elektro-pecaver.si\/livingsmart\/pametni-dom\/#breadcrumb","itemListElement":[{"@type":"ListItem","position":1,"name":"Home","item":"https:\/\/www.elektro-pecaver.si\/livingsmart\/"},{"@type":"ListItem","position":2,"name":"PAMETNI DOM"}]},{"@type":"WebSite","@id":"https:\/\/www.elektro-pecaver.si\/livingsmart\/#website","url":"https:\/\/www.elektro-pecaver.si\/livingsmart\/","name":"livingSMART by Elektro Pe\u010daver","description":"Oblikujemo pametne domove, ki omogo\u010dajo regulacijo sistemov kot so razsvetljava, sen\u010dila, ogrevanje in hlajenje, varnost in nadzor, upravljanje s pametnim telefonom ali tablico.","potentialAction":[{"@type":"SearchAction","target":{"@type":"EntryPoint","urlTemplate":"https:\/\/www.elektro-pecaver.si\/livingsmart\/?s={search_term_string}"},"query-input":{"@type":"PropertyValueSpecification","valueRequired":true,"valueName":"search_term_string"}}],"inLanguage":"sl-SI"}]}},"_links":{"self":[{"href":"https:\/\/www.elektro-pecaver.si\/livingsmart\/wp-json\/wp\/v2\/pages\/535451","targetHints":{"allow":["GET"]}}],"collection":[{"href":"https:\/\/www.elektro-pecaver.si\/livingsmart\/wp-json\/wp\/v2\/pages"}],"about":[{"href":"https:\/\/www.elektro-pecaver.si\/livingsmart\/wp-json\/wp\/v2\/types\/page"}],"author":[{"embeddable":true,"href":"https:\/\/www.elektro-pecaver.si\/livingsmart\/wp-json\/wp\/v2\/users\/6"}],"replies":[{"embeddable":true,"href":"https:\/\/www.elektro-pecaver.si\/livingsmart\/wp-json\/wp\/v2\/comments?post=535451"}],"version-history":[{"count":11,"href":"https:\/\/www.elektro-pecaver.si\/livingsmart\/wp-json\/wp\/v2\/pages\/535451\/revisions"}],"predecessor-version":[{"id":537111,"href":"https:\/\/www.elektro-pecaver.si\/livingsmart\/wp-json\/wp\/v2\/pages\/535451\/revisions\/537111"}],"wp:attachment":[{"href":"https:\/\/www.elektro-pecaver.si\/livingsmart\/wp-json\/wp\/v2\/media?parent=535451"}],"curies":[{"name":"wp","href":"https:\/\/api.w.org\/{rel}","templated":true}]}}