{"id":9633,"date":"2019-12-23T14:21:56","date_gmt":"2019-12-23T13:21:56","guid":{"rendered":"https:\/\/www.elektro-pecaver.si\/livingsmart\/?page_id=9633"},"modified":"2021-07-26T12:43:31","modified_gmt":"2021-07-26T10:43:31","slug":"pametna-hisa-vcasih-ukrepa-namesto-nas","status":"publish","type":"page","link":"https:\/\/www.elektro-pecaver.si\/livingsmart\/pametna-hisa-vcasih-ukrepa-namesto-nas\/","title":{"rendered":"Pametna hi\u0161a v\u010dasih ukrepa namesto nas"},"content":{"rendered":"","protected":false},"excerpt":{"rendered":"","protected":false},"author":6,"featured_media":0,"parent":0,"menu_order":0,"comment_status":"closed","ping_status":"closed","template":"","meta":{"inline_featured_image":false,"footnotes":""},"class_list":["post-9633","page","type-page","status-publish","hentry"],"acf":[],"yoast_head":"<!-- This site is optimized with the Yoast SEO plugin v24.9 - https:\/\/yoast.com\/wordpress\/plugins\/seo\/ -->\n<title>Pametna hi\u0161a ni ve\u010d nekaj, kar lahko vidimo le v futuristi\u010dnih filmih<\/title>\n<meta name=\"description\" content=\"Pametna hi\u0161a ponuja \u0161tevilne prednosti. Kaj so pametne hi\u0161e, in\u0161talacije ali sistemi v tak\u0161ni hi\u0161i, vam bomo rade volje razlo\u017eili v podjetju Elektro Pe\u010daver.\" \/>\n<meta name=\"robots\" content=\"index, follow, max-snippet:-1, max-image-preview:large, max-video-preview:-1\" \/>\n<link rel=\"canonical\" href=\"https:\/\/www.elektro-pecaver.si\/livingsmart\/pametna-hisa-vcasih-ukrepa-namesto-nas\/\" \/>\n<meta property=\"og:locale\" content=\"sl_SI\" \/>\n<meta property=\"og:type\" content=\"article\" \/>\n<meta property=\"og:title\" content=\"Pametna hi\u0161a ni ve\u010d nekaj, kar lahko vidimo le v futuristi\u010dnih filmih\" \/>\n<meta property=\"og:description\" content=\"Pametna hi\u0161a ponuja \u0161tevilne prednosti. Kaj so pametne hi\u0161e, in\u0161talacije ali sistemi v tak\u0161ni hi\u0161i, vam bomo rade volje razlo\u017eili v podjetju Elektro Pe\u010daver.\" \/>\n<meta property=\"og:url\" content=\"https:\/\/www.elektro-pecaver.si\/livingsmart\/pametna-hisa-vcasih-ukrepa-namesto-nas\/\" \/>\n<meta property=\"og:site_name\" content=\"livingSMART by Elektro Pe\u010daver\" \/>\n<meta property=\"article:modified_time\" content=\"2021-07-26T10:43:31+00:00\" \/>\n<meta name=\"twitter:card\" content=\"summary_large_image\" \/>\n<script type=\"application\/ld+json\" class=\"yoast-schema-graph\">{\"@context\":\"https:\/\/schema.org\",\"@graph\":[{\"@type\":\"WebPage\",\"@id\":\"https:\/\/www.elektro-pecaver.si\/livingsmart\/pametna-hisa-vcasih-ukrepa-namesto-nas\/\",\"url\":\"https:\/\/www.elektro-pecaver.si\/livingsmart\/pametna-hisa-vcasih-ukrepa-namesto-nas\/\",\"name\":\"Pametna hi\u0161a ni ve\u010d nekaj, kar lahko vidimo le v futuristi\u010dnih filmih\",\"isPartOf\":{\"@id\":\"https:\/\/www.elektro-pecaver.si\/livingsmart\/#website\"},\"datePublished\":\"2019-12-23T13:21:56+00:00\",\"dateModified\":\"2021-07-26T10:43:31+00:00\",\"description\":\"Pametna hi\u0161a ponuja \u0161tevilne prednosti. Kaj so pametne hi\u0161e, in\u0161talacije ali sistemi v tak\u0161ni hi\u0161i, vam bomo rade volje razlo\u017eili v podjetju Elektro Pe\u010daver.\",\"breadcrumb\":{\"@id\":\"https:\/\/www.elektro-pecaver.si\/livingsmart\/pametna-hisa-vcasih-ukrepa-namesto-nas\/#breadcrumb\"},\"inLanguage\":\"sl-SI\",\"potentialAction\":[{\"@type\":\"ReadAction\",\"target\":[\"https:\/\/www.elektro-pecaver.si\/livingsmart\/pametna-hisa-vcasih-ukrepa-namesto-nas\/\"]}]},{\"@type\":\"BreadcrumbList\",\"@id\":\"https:\/\/www.elektro-pecaver.si\/livingsmart\/pametna-hisa-vcasih-ukrepa-namesto-nas\/#breadcrumb\",\"itemListElement\":[{\"@type\":\"ListItem\",\"position\":1,\"name\":\"Home\",\"item\":\"https:\/\/www.elektro-pecaver.si\/livingsmart\/\"},{\"@type\":\"ListItem\",\"position\":2,\"name\":\"Pametna hi\u0161a v\u010dasih ukrepa namesto nas\"}]},{\"@type\":\"WebSite\",\"@id\":\"https:\/\/www.elektro-pecaver.si\/livingsmart\/#website\",\"url\":\"https:\/\/www.elektro-pecaver.si\/livingsmart\/\",\"name\":\"livingSMART by Elektro Pe\u010daver\",\"description\":\"Oblikujemo pametne domove, ki omogo\u010dajo regulacijo sistemov kot so razsvetljava, sen\u010dila, ogrevanje in hlajenje, varnost in nadzor, upravljanje s pametnim telefonom ali tablico.\",\"potentialAction\":[{\"@type\":\"SearchAction\",\"target\":{\"@type\":\"EntryPoint\",\"urlTemplate\":\"https:\/\/www.elektro-pecaver.si\/livingsmart\/?s={search_term_string}\"},\"query-input\":{\"@type\":\"PropertyValueSpecification\",\"valueRequired\":true,\"valueName\":\"search_term_string\"}}],\"inLanguage\":\"sl-SI\"}]}<\/script>\n<!-- \/ Yoast SEO plugin. -->","yoast_head_json":{"title":"Pametna hi\u0161a ni ve\u010d nekaj, kar lahko vidimo le v futuristi\u010dnih filmih","description":"Pametna hi\u0161a ponuja \u0161tevilne prednosti. Kaj so pametne hi\u0161e, in\u0161talacije ali sistemi v tak\u0161ni hi\u0161i, vam bomo rade volje razlo\u017eili v podjetju Elektro Pe\u010daver.","robots":{"index":"index","follow":"follow","max-snippet":"max-snippet:-1","max-image-preview":"max-image-preview:large","max-video-preview":"max-video-preview:-1"},"canonical":"https:\/\/www.elektro-pecaver.si\/livingsmart\/pametna-hisa-vcasih-ukrepa-namesto-nas\/","og_locale":"sl_SI","og_type":"article","og_title":"Pametna hi\u0161a ni ve\u010d nekaj, kar lahko vidimo le v futuristi\u010dnih filmih","og_description":"Pametna hi\u0161a ponuja \u0161tevilne prednosti. Kaj so pametne hi\u0161e, in\u0161talacije ali sistemi v tak\u0161ni hi\u0161i, vam bomo rade volje razlo\u017eili v podjetju Elektro Pe\u010daver.","og_url":"https:\/\/www.elektro-pecaver.si\/livingsmart\/pametna-hisa-vcasih-ukrepa-namesto-nas\/","og_site_name":"livingSMART by Elektro Pe\u010daver","article_modified_time":"2021-07-26T10:43:31+00:00","twitter_card":"summary_large_image","schema":{"@context":"https:\/\/schema.org","@graph":[{"@type":"WebPage","@id":"https:\/\/www.elektro-pecaver.si\/livingsmart\/pametna-hisa-vcasih-ukrepa-namesto-nas\/","url":"https:\/\/www.elektro-pecaver.si\/livingsmart\/pametna-hisa-vcasih-ukrepa-namesto-nas\/","name":"Pametna hi\u0161a ni ve\u010d nekaj, kar lahko vidimo le v futuristi\u010dnih filmih","isPartOf":{"@id":"https:\/\/www.elektro-pecaver.si\/livingsmart\/#website"},"datePublished":"2019-12-23T13:21:56+00:00","dateModified":"2021-07-26T10:43:31+00:00","description":"Pametna hi\u0161a ponuja \u0161tevilne prednosti. Kaj so pametne hi\u0161e, in\u0161talacije ali sistemi v tak\u0161ni hi\u0161i, vam bomo rade volje razlo\u017eili v podjetju Elektro Pe\u010daver.","breadcrumb":{"@id":"https:\/\/www.elektro-pecaver.si\/livingsmart\/pametna-hisa-vcasih-ukrepa-namesto-nas\/#breadcrumb"},"inLanguage":"sl-SI","potentialAction":[{"@type":"ReadAction","target":["https:\/\/www.elektro-pecaver.si\/livingsmart\/pametna-hisa-vcasih-ukrepa-namesto-nas\/"]}]},{"@type":"BreadcrumbList","@id":"https:\/\/www.elektro-pecaver.si\/livingsmart\/pametna-hisa-vcasih-ukrepa-namesto-nas\/#breadcrumb","itemListElement":[{"@type":"ListItem","position":1,"name":"Home","item":"https:\/\/www.elektro-pecaver.si\/livingsmart\/"},{"@type":"ListItem","position":2,"name":"Pametna hi\u0161a v\u010dasih ukrepa namesto nas"}]},{"@type":"WebSite","@id":"https:\/\/www.elektro-pecaver.si\/livingsmart\/#website","url":"https:\/\/www.elektro-pecaver.si\/livingsmart\/","name":"livingSMART by Elektro Pe\u010daver","description":"Oblikujemo pametne domove, ki omogo\u010dajo regulacijo sistemov kot so razsvetljava, sen\u010dila, ogrevanje in hlajenje, varnost in nadzor, upravljanje s pametnim telefonom ali tablico.","potentialAction":[{"@type":"SearchAction","target":{"@type":"EntryPoint","urlTemplate":"https:\/\/www.elektro-pecaver.si\/livingsmart\/?s={search_term_string}"},"query-input":{"@type":"PropertyValueSpecification","valueRequired":true,"valueName":"search_term_string"}}],"inLanguage":"sl-SI"}]}},"_links":{"self":[{"href":"https:\/\/www.elektro-pecaver.si\/livingsmart\/wp-json\/wp\/v2\/pages\/9633","targetHints":{"allow":["GET"]}}],"collection":[{"href":"https:\/\/www.elektro-pecaver.si\/livingsmart\/wp-json\/wp\/v2\/pages"}],"about":[{"href":"https:\/\/www.elektro-pecaver.si\/livingsmart\/wp-json\/wp\/v2\/types\/page"}],"author":[{"embeddable":true,"href":"https:\/\/www.elektro-pecaver.si\/livingsmart\/wp-json\/wp\/v2\/users\/6"}],"replies":[{"embeddable":true,"href":"https:\/\/www.elektro-pecaver.si\/livingsmart\/wp-json\/wp\/v2\/comments?post=9633"}],"version-history":[{"count":23,"href":"https:\/\/www.elektro-pecaver.si\/livingsmart\/wp-json\/wp\/v2\/pages\/9633\/revisions"}],"predecessor-version":[{"id":479777,"href":"https:\/\/www.elektro-pecaver.si\/livingsmart\/wp-json\/wp\/v2\/pages\/9633\/revisions\/479777"}],"wp:attachment":[{"href":"https:\/\/www.elektro-pecaver.si\/livingsmart\/wp-json\/wp\/v2\/media?parent=9633"}],"curies":[{"name":"wp","href":"https:\/\/api.w.org\/{rel}","templated":true}]}}